{"id":1442,"date":"2017-11-06T03:54:04","date_gmt":"2017-11-06T08:54:04","guid":{"rendered":"https:\/\/www.fslawfirm.com\/blog\/?page_id=1442"},"modified":"2019-11-05T10:07:19","modified_gmt":"2019-11-05T15:07:19","slug":"spanish-testimonials","status":"publish","type":"page","link":"https:\/\/www.fslawfirm.com\/blog\/spanish-testimonials\/","title":{"rendered":"[SPANISH] Testimonials"},"content":{"rendered":"<blockquote class=\"testimonial hidden onleft\"><p>\u201cNo puedo describir lo agradecido que estoy con esta firma de abogados. Su servicio fue tan elegante, amable y eficiente que hizo que mi proceso legal fuera incre\u00edblemente f\u00e1cil.\u201d<cite>J. Y. \u2013 Ex Cliente <\/cite><\/p><\/blockquote>\n<blockquote class=\"testimonial hidden onright\"><p>\u201cSi alguna vez te encuentras en la desafortunada circunstancia de necesitar un abogado de empleo, no hay nadie a quien pueda recomendar m\u00e1s que Fitapelli y Schaffer. Brian y Dana fueron m\u00e1s all\u00e1 de lo pedido y realmente lucharon por mis derechos como un empleado con una discapacidad.\u201d<cite>S.N. \u2013 Ex Cliente <\/cite><\/p><\/blockquote>\n<blockquote class=\"testimonial hidden onleft\"><p>\u201cTrabajando con F&amp;S fue un placer. Se mantuvieron en contacto conmigo y me manten\u00edan al tanto de mi caso. Eran muy profesionales y gran gu\u00edas legales con mi caso. Definitivamente un equipo recomendable.\u201d<cite>\u2013Ex Cliente<\/cite><\/p><\/blockquote>\n<blockquote class=\"testimonial hidden onright\"><p>\u201cTuve la mejor experiencia con esta firma, son absolutamente geniales en lo que hacen. Si alguna vez se siente aprovechado por su empleador, le pido que se comunique con esta firma.\u201d<cite>B.S. \u2013 Ex Cliente<\/cite><\/p><\/blockquote>\n<blockquote class=\"testimonial hidden onleft\"><p>\u201cAbogados muy inteligentes, maestros de su oficio.\u201d<cite>V.W. \u2013 Ex Cliente<\/cite><\/p><\/blockquote>\n<blockquote class=\"testimonial hidden onright\"><p>\u201cFirma de abogados muy competentes. Representaci\u00f3n fuerte del cliente.\u201d<cite>Ex Cliente<\/cite><\/p><\/blockquote>\n<blockquote class=\"testimonial hidden onright\"><p>\u201cNo solo recib\u00ed servicio excelente del personal y afiliados de Fitapelli &amp; Schaffer LLP, sino que obtuvimos el resultado que quer\u00edamos.\u201d<cite>E.R. \u2013 Ex Cliente<\/cite><\/p><\/blockquote>\n","protected":false},"excerpt":{"rendered":"<p>\u201cNo puedo describir lo agradecido que estoy con esta firma de abogados. Su servicio fue tan elegante, amable y eficiente que hizo que mi proceso legal fuera incre\u00edblemente f\u00e1cil.\u201dJ. Y. \u2013 Ex Cliente <br \/>\n\u201cSi alguna vez te encuentras en la desafortunada circunstancia de necesitar un abogado de empleo, no hay nadie a quien pueda recomendar m\u00e1s que Fitapelli y Schaffer. Brian y Dana fueron m\u00e1s all\u00e1 de lo pedido y realmente lucharon por mis derechos como un empleado con &#8230;<\/p>\n","protected":false},"author":4,"featured_media":0,"parent":0,"menu_order":0,"comment_status":"closed","ping_status":"closed","template":"","meta":{"footnotes":"","_links_to":"","_links_to_target":""},"class_list":["post-1442","page","type-page","status-publish","hentry"],"yoast_head":"<!-- This site is optimized with the Yoast SEO plugin v27.4 - https:\/\/yoast.com\/product\/yoast-seo-wordpress\/ -->\n<title>[SPANISH] Testimonials - New York Employment Lawyer<\/title>\n<meta name=\"robots\" content=\"index, follow, max-snippet:-1, max-image-preview:large, max-video-preview:-1\" \/>\n<link rel=\"canonical\" href=\"https:\/\/www.fslawfirm.com\/blog\/spanish-testimonials\/\" \/>\n<meta property=\"og:locale\" content=\"en_US\" \/>\n<meta property=\"og:type\" content=\"article\" \/>\n<meta property=\"og:title\" content=\"[SPANISH] Testimonials - New York Employment Lawyer\" \/>\n<meta property=\"og:description\" content=\"\u201cNo puedo describir lo agradecido que estoy con esta firma de abogados. Su servicio fue tan elegante, amable y eficiente que hizo que mi proceso legal fuera incre\u00edblemente f\u00e1cil.\u201dJ. Y. \u2013 Ex Cliente \u201cSi alguna vez te encuentras en la desafortunada circunstancia de necesitar un abogado de empleo, no hay nadie a quien pueda recomendar m\u00e1s que Fitapelli y Schaffer. Brian y Dana fueron m\u00e1s all\u00e1 de lo pedido y realmente lucharon por mis derechos como un empleado con ...\" \/>\n<meta property=\"og:url\" content=\"https:\/\/www.fslawfirm.com\/blog\/spanish-testimonials\/\" \/>\n<meta property=\"og:site_name\" content=\"New York Employment Lawyer\" \/>\n<meta property=\"article:publisher\" content=\"https:\/\/www.facebook.com\/FSLawFirm\" \/>\n<meta property=\"article:modified_time\" content=\"2019-11-05T15:07:19+00:00\" \/>\n<meta property=\"og:image\" content=\"https:\/\/www.fslawfirm.com\/blog\/wp-content\/uploads\/2015\/01\/FSLaw_Logo_Blue_FB.png\" \/>\n\t<meta property=\"og:image:width\" content=\"300\" \/>\n\t<meta property=\"og:image:height\" content=\"300\" \/>\n\t<meta property=\"og:image:type\" content=\"image\/png\" \/>\n<meta name=\"twitter:label1\" content=\"Est. reading time\" \/>\n\t<meta name=\"twitter:data1\" content=\"1 minute\" \/>\n<script type=\"application\/ld+json\" class=\"yoast-schema-graph\">{\"@context\":\"https:\\\/\\\/schema.org\",\"@graph\":[{\"@type\":\"WebPage\",\"@id\":\"https:\\\/\\\/www.fslawfirm.com\\\/blog\\\/spanish-testimonials\\\/\",\"url\":\"https:\\\/\\\/www.fslawfirm.com\\\/blog\\\/spanish-testimonials\\\/\",\"name\":\"[SPANISH] Testimonials - New York Employment Lawyer\",\"isPartOf\":{\"@id\":\"https:\\\/\\\/www.fslawfirm.com\\\/blog\\\/#website\"},\"datePublished\":\"2017-11-06T08:54:04+00:00\",\"dateModified\":\"2019-11-05T15:07:19+00:00\",\"breadcrumb\":{\"@id\":\"https:\\\/\\\/www.fslawfirm.com\\\/blog\\\/spanish-testimonials\\\/#breadcrumb\"},\"inLanguage\":\"en-US\",\"potentialAction\":[{\"@type\":\"ReadAction\",\"target\":[\"https:\\\/\\\/www.fslawfirm.com\\\/blog\\\/spanish-testimonials\\\/\"]}]},{\"@type\":\"BreadcrumbList\",\"@id\":\"https:\\\/\\\/www.fslawfirm.com\\\/blog\\\/spanish-testimonials\\\/#breadcrumb\",\"itemListElement\":[{\"@type\":\"ListItem\",\"position\":1,\"name\":\"Home\",\"item\":\"https:\\\/\\\/www.fslawfirm.com\\\/blog\\\/\"},{\"@type\":\"ListItem\",\"position\":2,\"name\":\"[SPANISH] Testimonials\"}]},{\"@type\":\"WebSite\",\"@id\":\"https:\\\/\\\/www.fslawfirm.com\\\/blog\\\/#website\",\"url\":\"https:\\\/\\\/www.fslawfirm.com\\\/blog\\\/\",\"name\":\"New York Employment Lawyer\",\"description\":\"New York City Employment Law News\",\"publisher\":{\"@id\":\"https:\\\/\\\/www.fslawfirm.com\\\/blog\\\/#organization\"},\"potentialAction\":[{\"@type\":\"SearchAction\",\"target\":{\"@type\":\"EntryPoint\",\"urlTemplate\":\"https:\\\/\\\/www.fslawfirm.com\\\/blog\\\/?s={search_term_string}\"},\"query-input\":{\"@type\":\"PropertyValueSpecification\",\"valueRequired\":true,\"valueName\":\"search_term_string\"}}],\"inLanguage\":\"en-US\"},{\"@type\":\"Organization\",\"@id\":\"https:\\\/\\\/www.fslawfirm.com\\\/blog\\\/#organization\",\"name\":\"Fitapelli & Schaffer, LLP\",\"url\":\"https:\\\/\\\/www.fslawfirm.com\\\/blog\\\/\",\"logo\":{\"@type\":\"ImageObject\",\"inLanguage\":\"en-US\",\"@id\":\"https:\\\/\\\/www.fslawfirm.com\\\/blog\\\/#\\\/schema\\\/logo\\\/image\\\/\",\"url\":\"https:\\\/\\\/www.fslawfirm.com\\\/blog\\\/wp-content\\\/uploads\\\/2019\\\/02\\\/fitapelli-schaffer-llp.png\",\"contentUrl\":\"https:\\\/\\\/www.fslawfirm.com\\\/blog\\\/wp-content\\\/uploads\\\/2019\\\/02\\\/fitapelli-schaffer-llp.png\",\"width\":330,\"height\":210,\"caption\":\"Fitapelli & Schaffer, LLP\"},\"image\":{\"@id\":\"https:\\\/\\\/www.fslawfirm.com\\\/blog\\\/#\\\/schema\\\/logo\\\/image\\\/\"},\"sameAs\":[\"https:\\\/\\\/www.facebook.com\\\/FSLawFirm\",\"https:\\\/\\\/x.com\\\/wagelawyer\",\"https:\\\/\\\/www.instagram.com\\\/fitapelliandschaffer\\\/\",\"https:\\\/\\\/www.linkedin.com\\\/in\\\/bssnyls\\\/\"]}]}<\/script>\n<!-- \/ Yoast SEO plugin. -->","yoast_head_json":{"title":"[SPANISH] Testimonials - New York Employment Lawyer","robots":{"index":"index","follow":"follow","max-snippet":"max-snippet:-1","max-image-preview":"max-image-preview:large","max-video-preview":"max-video-preview:-1"},"canonical":"https:\/\/www.fslawfirm.com\/blog\/spanish-testimonials\/","og_locale":"en_US","og_type":"article","og_title":"[SPANISH] Testimonials - New York Employment Lawyer","og_description":"\u201cNo puedo describir lo agradecido que estoy con esta firma de abogados. Su servicio fue tan elegante, amable y eficiente que hizo que mi proceso legal fuera incre\u00edblemente f\u00e1cil.\u201dJ. Y. \u2013 Ex Cliente \u201cSi alguna vez te encuentras en la desafortunada circunstancia de necesitar un abogado de empleo, no hay nadie a quien pueda recomendar m\u00e1s que Fitapelli y Schaffer. Brian y Dana fueron m\u00e1s all\u00e1 de lo pedido y realmente lucharon por mis derechos como un empleado con ...","og_url":"https:\/\/www.fslawfirm.com\/blog\/spanish-testimonials\/","og_site_name":"New York Employment Lawyer","article_publisher":"https:\/\/www.facebook.com\/FSLawFirm","article_modified_time":"2019-11-05T15:07:19+00:00","og_image":[{"width":300,"height":300,"url":"https:\/\/www.fslawfirm.com\/blog\/wp-content\/uploads\/2015\/01\/FSLaw_Logo_Blue_FB.png","type":"image\/png"}],"twitter_misc":{"Est. reading time":"1 minute"},"schema":{"@context":"https:\/\/schema.org","@graph":[{"@type":"WebPage","@id":"https:\/\/www.fslawfirm.com\/blog\/spanish-testimonials\/","url":"https:\/\/www.fslawfirm.com\/blog\/spanish-testimonials\/","name":"[SPANISH] Testimonials - New York Employment Lawyer","isPartOf":{"@id":"https:\/\/www.fslawfirm.com\/blog\/#website"},"datePublished":"2017-11-06T08:54:04+00:00","dateModified":"2019-11-05T15:07:19+00:00","breadcrumb":{"@id":"https:\/\/www.fslawfirm.com\/blog\/spanish-testimonials\/#breadcrumb"},"inLanguage":"en-US","potentialAction":[{"@type":"ReadAction","target":["https:\/\/www.fslawfirm.com\/blog\/spanish-testimonials\/"]}]},{"@type":"BreadcrumbList","@id":"https:\/\/www.fslawfirm.com\/blog\/spanish-testimonials\/#breadcrumb","itemListElement":[{"@type":"ListItem","position":1,"name":"Home","item":"https:\/\/www.fslawfirm.com\/blog\/"},{"@type":"ListItem","position":2,"name":"[SPANISH] Testimonials"}]},{"@type":"WebSite","@id":"https:\/\/www.fslawfirm.com\/blog\/#website","url":"https:\/\/www.fslawfirm.com\/blog\/","name":"New York Employment Lawyer","description":"New York City Employment Law News","publisher":{"@id":"https:\/\/www.fslawfirm.com\/blog\/#organization"},"potentialAction":[{"@type":"SearchAction","target":{"@type":"EntryPoint","urlTemplate":"https:\/\/www.fslawfirm.com\/blog\/?s={search_term_string}"},"query-input":{"@type":"PropertyValueSpecification","valueRequired":true,"valueName":"search_term_string"}}],"inLanguage":"en-US"},{"@type":"Organization","@id":"https:\/\/www.fslawfirm.com\/blog\/#organization","name":"Fitapelli & Schaffer, LLP","url":"https:\/\/www.fslawfirm.com\/blog\/","logo":{"@type":"ImageObject","inLanguage":"en-US","@id":"https:\/\/www.fslawfirm.com\/blog\/#\/schema\/logo\/image\/","url":"https:\/\/www.fslawfirm.com\/blog\/wp-content\/uploads\/2019\/02\/fitapelli-schaffer-llp.png","contentUrl":"https:\/\/www.fslawfirm.com\/blog\/wp-content\/uploads\/2019\/02\/fitapelli-schaffer-llp.png","width":330,"height":210,"caption":"Fitapelli & Schaffer, LLP"},"image":{"@id":"https:\/\/www.fslawfirm.com\/blog\/#\/schema\/logo\/image\/"},"sameAs":["https:\/\/www.facebook.com\/FSLawFirm","https:\/\/x.com\/wagelawyer","https:\/\/www.instagram.com\/fitapelliandschaffer\/","https:\/\/www.linkedin.com\/in\/bssnyls\/"]}]}},"jetpack_sharing_enabled":true,"_links":{"self":[{"href":"https:\/\/www.fslawfirm.com\/blog\/wp-json\/wp\/v2\/pages\/1442","targetHints":{"allow":["GET"]}}],"collection":[{"href":"https:\/\/www.fslawfirm.com\/blog\/wp-json\/wp\/v2\/pages"}],"about":[{"href":"https:\/\/www.fslawfirm.com\/blog\/wp-json\/wp\/v2\/types\/page"}],"author":[{"embeddable":true,"href":"https:\/\/www.fslawfirm.com\/blog\/wp-json\/wp\/v2\/users\/4"}],"replies":[{"embeddable":true,"href":"https:\/\/www.fslawfirm.com\/blog\/wp-json\/wp\/v2\/comments?post=1442"}],"version-history":[{"count":6,"href":"https:\/\/www.fslawfirm.com\/blog\/wp-json\/wp\/v2\/pages\/1442\/revisions"}],"predecessor-version":[{"id":2457,"href":"https:\/\/www.fslawfirm.com\/blog\/wp-json\/wp\/v2\/pages\/1442\/revisions\/2457"}],"wp:attachment":[{"href":"https:\/\/www.fslawfirm.com\/blog\/wp-json\/wp\/v2\/media?parent=1442"}],"curies":[{"name":"wp","href":"https:\/\/api.w.org\/{rel}","templated":true}]}}